{"id":16,"date":"2023-04-11T11:16:46","date_gmt":"2023-04-11T09:16:46","guid":{"rendered":"https:\/\/www.vignesurrau.it\/?page_id=16"},"modified":"2025-07-03T11:05:54","modified_gmt":"2025-07-03T09:05:54","slug":"contatti","status":"publish","type":"page","link":"https:\/\/www.vignesurrau.it\/it\/contatti","title":{"rendered":"Contatti"},"content":{"rendered":"\t\t<div data-elementor-type=\"wp-page\" data-elementor-id=\"16\" class=\"elementor elementor-16\" data-elementor-post-type=\"page\">\n\t\t\t\t<div class=\"elementor-element elementor-element-07662f1 e-con-full e-flex e-con e-parent\" data-id=\"07662f1\" data-element_type=\"container\">\n\t\t<div class=\"elementor-element elementor-element-d9a47f2 e-con-full animated-slow e-flex elementor-invisible e-con e-child\" data-id=\"d9a47f2\" data-element_type=\"container\" data-settings=\"{&quot;animation&quot;:&quot;fadeIn&quot;}\">\n\t\t\t\t<div class=\"elementor-element elementor-element-9c7b9bf elementor-widget elementor-widget-heading\" data-id=\"9c7b9bf\" data-element_type=\"widget\" data-widget_type=\"heading.default\">\n\t\t\t\t<div class=\"elementor-widget-container\">\n\t\t\t\t\t<h1 class=\"elementor-heading-title elementor-size-default\">Surrau Societ\u00e0 Agricola<\/h1>\t\t\t\t<\/div>\n\t\t\t\t<\/div>\n\t\t\t\t<div class=\"elementor-element elementor-element-da140e8 elementor-widget elementor-widget-text-editor\" data-id=\"da140e8\" data-element_type=\"widget\" data-widget_type=\"text-editor.default\">\n\t\t\t\t<div class=\"elementor-widget-container\">\n\t\t\t\t\t\t\t\t\t<p>S.P. Porto Cervo &#8211; Arzachena<br \/>Localit\u00e0 Chilvagghja<br \/>07021 Arzachena (SS)<br \/><strong>T.<\/strong> +39 0789 82933<\/p><p><a href=\"mailto:info@surrau.it\">info@surrau.it<\/a><\/p>\t\t\t\t\t\t\t\t<\/div>\n\t\t\t\t<\/div>\n\t\t\t\t<div class=\"elementor-element elementor-element-d60a936 elementor-widget elementor-widget-text-editor\" data-id=\"d60a936\" data-element_type=\"widget\" data-widget_type=\"text-editor.default\">\n\t\t\t\t<div class=\"elementor-widget-container\">\n\t\t\t\t\t\t\t\t\t<p><strong>Per visite e degustazioni \u00e8 richiesta la prenotazione<\/strong><\/p>\t\t\t\t\t\t\t\t<\/div>\n\t\t\t\t<\/div>\n\t\t\t\t<div class=\"elementor-element elementor-element-6086a0b elementor-align-right elementor-mobile-align-justify elementor-widget elementor-widget-button\" data-id=\"6086a0b\" data-element_type=\"widget\" data-widget_type=\"button.default\">\n\t\t\t\t<div class=\"elementor-widget-container\">\n\t\t\t\t\t\t\t\t\t<div class=\"elementor-button-wrapper\">\n\t\t\t\t\t<a class=\"elementor-button elementor-button-link elementor-size-sm\" href=\"https:\/\/visit.vignesurrau.it\/it\/65c0b8356a8f9964b84faa24?lang=it\" target=\"_blank\" rel=\"noopener\">\n\t\t\t\t\t\t<span class=\"elementor-button-content-wrapper\">\n\t\t\t\t\t\t\t\t\t<span class=\"elementor-button-text\">Prenota ora<\/span>\n\t\t\t\t\t<\/span>\n\t\t\t\t\t<\/a>\n\t\t\t\t<\/div>\n\t\t\t\t\t\t\t\t<\/div>\n\t\t\t\t<\/div>\n\t\t\t\t<div class=\"elementor-element elementor-element-32dfd23 elementor-widget elementor-widget-text-editor\" data-id=\"32dfd23\" data-element_type=\"widget\" data-widget_type=\"text-editor.default\">\n\t\t\t\t<div class=\"elementor-widget-container\">\n\t\t\t\t\t\t\t\t\t<p><strong>Orari Cantine Surrau<\/strong><br \/>Gennaio 10:00 \u2013 20:00<br data-start=\"21\" data-end=\"24\" \/>Febbraio 10:00 \u2013 20:00<br data-start=\"46\" data-end=\"49\" \/>Marzo 10:00 \u2013 21:00<br data-start=\"68\" data-end=\"71\" \/>Aprile 10:00 \u2013 21:00<br data-start=\"91\" data-end=\"94\" \/>Maggio 10:00 \u2013 22:00<br data-start=\"114\" data-end=\"117\" \/>Giugno 10:00 \u2013 22:00<br data-start=\"137\" data-end=\"140\" \/>Luglio 10:00 \u2013 22:00<br data-start=\"160\" data-end=\"163\" \/>Agosto 10:00 \u2013 23:00<br data-start=\"183\" data-end=\"186\" \/>Settembre 10:00 \u2013 22:00<br data-start=\"209\" data-end=\"212\" \/>Ottobre 10:00 \u2013 21:00<br data-start=\"233\" data-end=\"236\" \/>Novembre 10:00 \u2013 20:00<br data-start=\"258\" data-end=\"261\" \/>Dicembre 10:00 \u2013 20:00<\/p>\t\t\t\t\t\t\t\t<\/div>\n\t\t\t\t<\/div>\n\t\t\t\t<\/div>\n\t\t<div class=\"elementor-element elementor-element-6599a0d e-con-full e-flex e-con e-child\" data-id=\"6599a0d\" data-element_type=\"container\" data-settings=\"{&quot;background_background&quot;:&quot;classic&quot;}\">\n\t\t\t\t<div class=\"elementor-element elementor-element-c54a26d elementor-hidden-widescreen elementor-hidden-desktop elementor-hidden-laptop elementor-hidden-tablet elementor-hidden-mobile elementor-widget elementor-widget-html\" data-id=\"c54a26d\" data-element_type=\"widget\" data-widget_type=\"html.default\">\n\t\t\t\t<div class=\"elementor-widget-container\">\n\t\t\t\t\t<iframe width=\"520\" height=\"400\" frameborder=\"0\" scrolling=\"no\" marginheight=\"0\" marginwidth=\"0\" id=\"gmap_canvas\" src=\"https:\/\/maps.google.com\/maps?width=520&amp;height=400&amp;hl=en&amp;q=41.066018,9.437288%20Arzachena+()&amp;t=&amp;z=11&amp;ie=UTF8&amp;iwloc=B&amp;output=embed\"><\/iframe> <a href=\"http:\/\/maps-website.com\/it\" target=\"_blank\" rel=\"noopener\">http:\/\/maps-website.com\/it<\/a> <script type='text\/javascript' src='https:\/\/embedmaps.com\/google-maps-authorization\/script.js?id=6672850107382acc1e22732cec3d768413203b66'><\/script>\t\t\t\t<\/div>\n\t\t\t\t<\/div>\n\t\t\t\t<div class=\"elementor-element elementor-element-f886179 elementor-widget elementor-widget-html\" data-id=\"f886179\" data-element_type=\"widget\" data-widget_type=\"html.default\">\n\t\t\t\t<div class=\"elementor-widget-container\">\n\t\t\t\t\t<iframe width=\"520\" height=\"400\" frameborder=\"0\" scrolling=\"no\" marginheight=\"0\" marginwidth=\"0\" id=\"gmap_canvas\" src=\"https:\/\/maps.google.com\/maps?width=520&amp;height=400&amp;hl=en&amp;q=cantine%20surrau%20+(aaa)&amp;t=&amp;z=14&amp;ie=UTF8&amp;iwloc=B&amp;output=embed\"><\/iframe> <script type='text\/javascript' src='https:\/\/embedmaps.com\/google-maps-authorization\/script.js?id=f7497f6cb903c9302d07b4ac35201b454e8af974'><\/script>\t\t\t\t<\/div>\n\t\t\t\t<\/div>\n\t\t\t\t<\/div>\n\t\t\t\t<\/div>\n\t\t\t\t<\/div>\n\t\t","protected":false},"excerpt":{"rendered":"<p>Surrau Societ\u00e0 Agricola S.P. Porto Cervo &#8211; ArzachenaLocalit\u00e0 Chilvagghja07021 Arzachena (SS)T. +39 0789 82933 info@surrau.it Per visite e degustazioni \u00e8 richiesta la prenotazione Prenota ora Orari Cantine SurrauGennaio 10:00 \u2013 20:00Febbraio 10:00 \u2013 20:00Marzo 10:00 \u2013 21:00Aprile 10:00 \u2013 21:00Maggio 10:00 \u2013 22:00Giugno 10:00 \u2013 22:00Luglio 10:00 \u2013 22:00Agosto 10:00 \u2013 23:00Settembre 10:00 \u2013 22:00Ottobre [&hellip;]<\/p>\n","protected":false},"author":1,"featured_media":0,"parent":0,"menu_order":0,"comment_status":"closed","ping_status":"closed","template":"","meta":{"_acf_changed":false,"footnotes":""},"categories":[],"tags":[],"class_list":["post-16","page","type-page","status-publish","hentry"],"acf":[],"_links":{"self":[{"href":"https:\/\/www.vignesurrau.it\/it\/wp-json\/wp\/v2\/pages\/16","targetHints":{"allow":["GET"]}}],"collection":[{"href":"https:\/\/www.vignesurrau.it\/it\/wp-json\/wp\/v2\/pages"}],"about":[{"href":"https:\/\/www.vignesurrau.it\/it\/wp-json\/wp\/v2\/types\/page"}],"author":[{"embeddable":true,"href":"https:\/\/www.vignesurrau.it\/it\/wp-json\/wp\/v2\/users\/1"}],"replies":[{"embeddable":true,"href":"https:\/\/www.vignesurrau.it\/it\/wp-json\/wp\/v2\/comments?post=16"}],"version-history":[{"count":103,"href":"https:\/\/www.vignesurrau.it\/it\/wp-json\/wp\/v2\/pages\/16\/revisions"}],"predecessor-version":[{"id":3850,"href":"https:\/\/www.vignesurrau.it\/it\/wp-json\/wp\/v2\/pages\/16\/revisions\/3850"}],"wp:attachment":[{"href":"https:\/\/www.vignesurrau.it\/it\/wp-json\/wp\/v2\/media?parent=16"}],"wp:term":[{"taxonomy":"category","embeddable":true,"href":"https:\/\/www.vignesurrau.it\/it\/wp-json\/wp\/v2\/categories?post=16"},{"taxonomy":"post_tag","embeddable":true,"href":"https:\/\/www.vignesurrau.it\/it\/wp-json\/wp\/v2\/tags?post=16"}],"curies":[{"name":"wp","href":"https:\/\/api.w.org\/{rel}","templated":true}]}}